{"id":554,"date":"2023-04-12T10:28:48","date_gmt":"2023-04-12T10:28:48","guid":{"rendered":"https:\/\/gt-arc.com\/?page_id=554"},"modified":"2026-02-09T11:41:00","modified_gmt":"2026-02-09T11:41:00","slug":"jobs","status":"publish","type":"page","link":"https:\/\/gt-arc.com\/index.php\/jobs\/","title":{"rendered":"Jobs"},"content":{"rendered":"[vc_row type=&#8221;full_width_content&#8221; full_screen_row_position=&#8221;middle&#8221; column_margin=&#8221;default&#8221; equal_height=&#8221;yes&#8221; content_placement=&#8221;middle&#8221; column_direction=&#8221;default&#8221; column_direction_tablet=&#8221;default&#8221; column_direction_phone=&#8221;default&#8221; scene_position=&#8221;center&#8221; top_padding=&#8221;12%&#8221; bottom_padding=&#8221;12%&#8221; left_padding_desktop=&#8221;25%&#8221; constrain_group_2=&#8221;yes&#8221; right_padding_desktop=&#8221;25%&#8221; left_padding_tablet=&#8221;20%&#8221; constrain_group_4=&#8221;yes&#8221; right_padding_tablet=&#8221;20%&#8221; left_padding_phone=&#8221;24px&#8221; constrain_group_6=&#8221;yes&#8221; right_padding_phone=&#8221;24px&#8221; text_color=&#8221;dark&#8221; text_align=&#8221;left&#8221; row_border_radius=&#8221;none&#8221; row_border_radius_applies=&#8221;bg&#8221; zindex=&#8221;10&#8243; overflow=&#8221;visible&#8221; advanced_gradient_angle=&#8221;0&#8243; overlay_strength=&#8221;0.8&#8243; gradient_direction=&#8221;left_to_right&#8221; shape_divider_position=&#8221;bottom&#8221; bg_image_animation=&#8221;none&#8221; parallax_bg=&#8221;true&#8221; parallax_bg_speed=&#8221;fast&#8221; shape_type=&#8221;&#8221; gradient_type=&#8221;default&#8221;][vc_column column_padding=&#8221;no-extra-padding&#8221; column_padding_tablet=&#8221;inherit&#8221; column_padding_phone=&#8221;inherit&#8221; column_padding_position=&#8221;right&#8221; column_element_direction_desktop=&#8221;default&#8221; column_element_spacing=&#8221;default&#8221; desktop_text_alignment=&#8221;default&#8221; tablet_text_alignment=&#8221;default&#8221; phone_text_alignment=&#8221;default&#8221; background_color_opacity=&#8221;1&#8243; background_hover_color_opacity=&#8221;1&#8243; column_backdrop_filter=&#8221;none&#8221; column_shadow=&#8221;none&#8221; column_border_radius=&#8221;none&#8221; column_link_target=&#8221;_self&#8221; column_position=&#8221;default&#8221; advanced_gradient_angle=&#8221;0&#8243; gradient_direction=&#8221;left_to_right&#8221; overlay_strength=&#8221;0.3&#8243; width=&#8221;1\/1&#8243; tablet_width_inherit=&#8221;default&#8221; animation_type=&#8221;default&#8221; bg_image_animation=&#8221;none&#8221; border_type=&#8221;simple&#8221; column_border_width=&#8221;none&#8221; column_border_style=&#8221;solid&#8221; gradient_type=&#8221;default&#8221;][vc_row_inner column_margin=&#8221;default&#8221; column_direction=&#8221;default&#8221; column_direction_tablet=&#8221;default&#8221; column_direction_phone=&#8221;default&#8221; bottom_padding=&#8221;3%&#8221; text_align=&#8221;left&#8221; row_position=&#8221;default&#8221; row_position_tablet=&#8221;inherit&#8221; row_position_phone=&#8221;inherit&#8221; overflow=&#8221;visible&#8221; pointer_events=&#8221;all&#8221;][vc_column_inner column_padding=&#8221;no-extra-padding&#8221; column_padding_tablet=&#8221;inherit&#8221; column_padding_phone=&#8221;inherit&#8221; column_padding_position=&#8221;all&#8221; column_element_direction_desktop=&#8221;default&#8221; column_element_spacing=&#8221;default&#8221; centered_text=&#8221;true&#8221; desktop_text_alignment=&#8221;default&#8221; tablet_text_alignment=&#8221;default&#8221; phone_text_alignment=&#8221;default&#8221; background_color_opacity=&#8221;1&#8243; background_hover_color_opacity=&#8221;1&#8243; column_backdrop_filter=&#8221;none&#8221; column_shadow=&#8221;none&#8221; column_border_radius=&#8221;none&#8221; column_link_target=&#8221;_self&#8221; overflow=&#8221;visible&#8221; advanced_gradient_angle=&#8221;0&#8243; gradient_direction=&#8221;left_to_right&#8221; overlay_strength=&#8221;0.3&#8243; width=&#8221;1\/1&#8243; tablet_width_inherit=&#8221;default&#8221; animation_type=&#8221;default&#8221; bg_image_animation=&#8221;none&#8221; border_type=&#8221;simple&#8221; column_border_width=&#8221;none&#8221; column_border_style=&#8221;solid&#8221; gradient_type=&#8221;default&#8221;][nectar_responsive_text font_size_desktop=&#8221;3vw&#8221; font_size_tablet=&#8221;5vw&#8221; font_size_phone=&#8221;8vw&#8221; font_line_height=&#8221;1.1&#8243;]\n<h3>Join us!<\/h3>\n[\/nectar_responsive_text][vc_column_text]\n<p style=\"text-align: left;\"><span style=\"color: #339966;\"><strong>Students in Berlin<\/strong>:<\/span> If you want to gain practical experience in exciting ICT and AI projects, while financially supporting your studies, do not hesitate to contact us at jobs@gt-arc.com.<\/p>\n<hr \/>\n<p style=\"text-align: left;\"><span style=\"color: #339966;\"><b>International Students<\/b>: <\/span>We regularly host summer interns at GT-ARC, in cooperation with our partner institutes <a href=\"https:\/\/dai-labor.de\/en\/\" target=\"_blank\" rel=\"noopener\">DAI-Lab<\/a> and <a href=\"https:\/\/ze-ki.de\/\" target=\"_blank\" rel=\"noopener\">ZEKI<\/a>. To apply for a <strong>Summer 2026<\/strong> internship, <strong><a href=\"https:\/\/forms.gle\/jSDsCtyPhNMGXezB9\" target=\"_blank\" rel=\"noopener\">complete your application here<\/a><\/strong> by <strong>February 13<\/strong>.<\/p>\n<p style=\"text-align: left;\">Please note that we can only host interns with <strong>Erasmus+ mobility grant<\/strong>.<\/p>\n[\/vc_column_text][\/vc_column_inner][\/vc_row_inner][vc_row_inner disable_element=&#8221;yes&#8221; column_margin=&#8221;default&#8221; column_direction=&#8221;default&#8221; column_direction_tablet=&#8221;default&#8221; column_direction_phone=&#8221;default&#8221; bottom_padding=&#8221;3%&#8221; text_align=&#8221;left&#8221; row_position=&#8221;default&#8221; row_position_tablet=&#8221;inherit&#8221; row_position_phone=&#8221;inherit&#8221; overflow=&#8221;hidden&#8221; pointer_events=&#8221;all&#8221;][vc_column_inner column_padding=&#8221;no-extra-padding&#8221; column_padding_tablet=&#8221;inherit&#8221; column_padding_phone=&#8221;inherit&#8221; column_padding_position=&#8221;all&#8221; column_element_direction_desktop=&#8221;default&#8221; column_element_spacing=&#8221;default&#8221; desktop_text_alignment=&#8221;default&#8221; tablet_text_alignment=&#8221;default&#8221; phone_text_alignment=&#8221;default&#8221; background_color=&#8221;#ffffff&#8221; background_color_opacity=&#8221;1&#8243; background_hover_color_opacity=&#8221;1&#8243; column_backdrop_filter=&#8221;none&#8221; column_shadow=&#8221;small_depth&#8221; column_border_radius=&#8221;20px&#8221; column_link_target=&#8221;_self&#8221; overflow=&#8221;visible&#8221; advanced_gradient_angle=&#8221;0&#8243; gradient_direction=&#8221;left_to_right&#8221; overlay_strength=&#8221;0.3&#8243; width=&#8221;1\/1&#8243; tablet_width_inherit=&#8221;default&#8221; animation_type=&#8221;default&#8221; bg_image_animation=&#8221;none&#8221; border_type=&#8221;simple&#8221; column_border_width=&#8221;none&#8221; column_border_style=&#8221;solid&#8221; gradient_type=&#8221;default&#8221; column_padding_type=&#8221;default&#8221;][toggles style=&#8221;minimal_shadow&#8221; accordion=&#8221;true&#8221; accordion_starting_functionality=&#8221;closed&#8221; border_radius=&#8221;20px&#8221;][toggle color=&#8221;Default&#8221; heading_tag=&#8221;h3&#8243; heading_tag_functionality=&#8221;default&#8221; title=&#8221;Research assistant (m\/f\/d) in the field of Smart Space and IoT&#8221;][nectar_responsive_text font_size_min=&#8221;16px&#8221; font_size_max=&#8221;20px&#8221; font_size_desktop=&#8221;1.2vw&#8221; font_line_height=&#8221;1.6&#8243;]\n<p class=\"p1\">The Center for Tangible Artificial Intelligence and Digitalization (ZEKI), the German-Turkish-<br \/>\nAdvanced Research Center (GT-ARC) and the Distributed Artificial Intelligence Laboratory<br \/>\n(DAI-Laboratory) at TU Berlin are leading research institutions engaged in research into<br \/>\ninnovative solutions in the fields of Smart Space and the Internet of Things (IoT). ZEKI is the<br \/>\noperator of one of the largest fully digitized smart space environments, which is constantly<br \/>\nbeing further developed.<br \/>\nTo strengthen our team, we are looking for a talented scientist to research and develop IoT<br \/>\ntechnologies, using data science, artificial intelligence (AI) and machine learning (ML).<br \/>\nThe DAI Lab at TU Berlin and the AOT department are known for excellent teaching,<br \/>\nresearch, and development in the field of agent technology and distributed artificial<br \/>\nintelligence. In cooperation with renowned partners from research and industry, we are<br \/>\ncontinuously opening new fields of application. Our focus is on autonomous driving, security<br \/>\nin networks, machine learning and interactive systems.<\/p>\n<p><strong>Responsibilities:<\/strong><\/p>\n<ul>\n<li>Research and development in the field of IoT and Smart Space, with a focus on the integration and application of Data Science, AI and ML.<\/li>\n<li>Design, development and implementation of innovative algorithms and models for data analysis and processing.<\/li>\n<li>Conducting experiments and feasibility studies as well as analyzing and interpreting the results<\/li>\n<li>Collaboration in interdisciplinary teams to develop new solutions and improve existing systems.<\/li>\n<li>Publishing and presenting research results in renowned journals and at international conferences.<\/li>\n<li>Supervision of Bachelor&#8217;s and Master&#8217;s theses in the field of IoT and Smart Space.<\/li>\n<li>Possibility of a doctorate in the field of work.<\/li>\n<\/ul>\n<p>&nbsp;<\/p>\n<p class=\"p1\"><strong>Requirements:<\/strong><\/p>\n<ul>\n<li>Completed university degree (Master or Diploma) in computer science, mathematics or a related field.<\/li>\n<li>Sound knowledge and practical experience in at least one of the following areas: Data Science, AI, ML, IoT.<\/li>\n<li>Sound knowledge of common IoT protocols such as MaUer, ZigBee, KNX, etc.<\/li>\n<li>Sound knowledge in the field of embedded systems, especially based on Linux<\/li>\n<li>Experience in the application of AI and ML methods, ideally in the context of IoT<\/li>\n<li>Programming skills in common programming languages such as Python, R or Java.<\/li>\n<li>Strong analytical skills and crea1tivity in solving complex problems.<\/li>\n<li>Very good written and spoken English; knowledge of German is an advantage.<\/li>\n<li>Team spirit, commitment, and initiative.<\/li>\n<\/ul>\n[\/nectar_responsive_text][\/toggle][toggle color=&#8221;Default&#8221; heading_tag=&#8221;h3&#8243; heading_tag_functionality=&#8221;default&#8221; title=&#8221;Researchers (m\/f\/d) for the Development of a Software Stack for Distributed AI Applications&#8221;]<div class=\"nectar-fancy-ul font_size_min_16px font_size_max_20px font_size_desktop_1-2vw font_line_height_1-6\" data-list-icon=\"dot\" data-animation=\"false\" data-animation-delay=\"0\" data-spacing=\"5px\" data-alignment=\"left\"> The associated institute GT-ARC of Technische Universit\u00e4t Berlin is looking for research assistants (m\/f\/d) for the research project Go-KI (\u201cOpen Innovation Lab AI\u201d), funded by BMAS (Bundesministerium f\u00fcr Arbeit und Soziales) for the provisioning of a software suite for developing AI applications serving the common welfare (\u2018public-good AI\u2019).<\/p>\n<p>The goal of the project is to support various target user groups (individuals, teams, organizations) in the realization of public-good AI applications through the development of a comprehensive set of software libraries and tools as well as the organization of workshops and colloquia for knowledge transfer with the target user groups. Another cornerstone of the project is the development and evaluation of methods for explainable AI.<\/p>\n<p>Besides general collaboration in all parts of the project, the positions advertised here focus on the design and implementation of a software stack, consisting of libraries and tools for the development of distributed AI applications.<\/p>\n<p><strong>Work description:<\/strong><\/p>\n<ul>\n<li>Collaboration in a practice-oriented research project for simplifying the development of public-good AI applications<\/li>\n<li>Design, implementation and integration of a scalable, distributed platform (including libraries, runtime environments, user interfaces, editors, tools, repositories) for the development and execution of AI applications<\/li>\n<li>Supervision of M.Sc. &amp; B.Sc. theses at TU Berlin<\/li>\n<li>Design and conduction of user studies, interview, workshops and talks concerning research and evaluation of the developed methods<\/li>\n<\/ul>\n<p>&nbsp;<\/p>\n<p><strong>Expected qualifications:<\/strong><\/p>\n<ul>\n<li>Successfully completed university degree (master, diploma, or equivalent) in computer science, computer engineering, electrical engineering, or a related field<\/li>\n<li>Good skill of abstraction, modelling, and finding creative solutions<\/li>\n<li>Experience in software engineering with agile teams and development methods, version control, issue management, software testing, etc.<\/li>\n<li>Experience in one or more of the following areas:\n<ul>\n<li>Modelling and visual programming, UI development<\/li>\n<li>design and implementation of large and distributed systems, API design<\/li>\n<li>multi-agent systems, interaction protocols, negotiations<\/li>\n<li>container technologies, virtualization, cloud computing<\/li>\n<li>artificial intelligence and machine learning<\/li>\n<\/ul>\n<\/li>\n<li>Very good programming skills, in particular in Java and possibly other languages<\/li>\n<li>Good command of German and English<\/li>\n<\/ul>\n<p>&nbsp;<\/p>\n<p><strong>What we offer:<\/strong><\/p>\n<ul>\n<li>An interesting and responsible occupation in a future-oriented research project with access to an attractive research environment<\/li>\n<li>A collegial and motivating working environment in a highly dedicated team<\/li>\n<li>Flexible working hours and the possibility for working part-time in home office<\/li>\n<li>Individual offers for continuing education and personal development<\/li>\n<li>Possibility for pursuing a Ph.D.<\/li>\n<\/ul>\n <\/div>[\/toggle][toggle color=&#8221;Default&#8221; heading_tag=&#8221;h3&#8243; heading_tag_functionality=&#8221;default&#8221; title=&#8221;Wissenschaftliche Mitarbeiter*innen (m\/w\/d) f\u00fcr die Konzeption und Entwicklung eines Softwarestacks f\u00fcr verteilte KI-Anwendungen&#8221;]<div class=\"nectar-fancy-ul font_size_min_16px font_size_max_20px font_size_desktop_1-2vw font_line_height_1-6\" data-list-icon=\"dot\" data-animation=\"false\" data-animation-delay=\"0\" data-spacing=\"5px\" data-alignment=\"left\"> Das An-Institut GT-ARC der Technischen Universit\u00e4t Berlin sucht wissenschaftliche Mitarbeiter*innen (m\/w\/d) f\u00fcr die Mitarbeit am vom Bundesministerium f\u00fcr Arbeit und Soziales (BMAS) gef\u00f6rderten Projekt Go-KI (\u201eOffenen Innovationslabor KI zur F\u00f6rderung gemeinwohlorientierter KI-Anwendungen\u201c).<\/p>\n<p>Im Projekt sollen Akteure (Einzelpersonen, Teams, Organisationen) dabei unterst\u00fctzt werden, gemeinwohlorientierte KI-Anwendungen zu erstellen. Dies geschieht durch die Entwicklung einer Reihe von Softwarewerkzeugen sowie durch die Veranstaltung von Workshops und Vortr\u00e4gen zur Wissensvermittlung und Problemerhebung. Ein weiterer Schwerpunkt des Projekts liegt auf Methoden zur Erkl\u00e4rbarkeit von KI-Anwendungen f\u00fcr Endanwender und Entwickler. Es sollen Methoden entstehen und praktisch nutzbar gemacht werden, die dem Endanwender die Kontrolle und eine vertrauensw\u00fcrdige Nutzung der KI erm\u00f6glichen.<\/p>\n<p>Neben der allgemeinen Mitarbeit in allen Bereichen des Projektes steht die Konzeption und Umsetzung eines Softwarestacks, bestehend aus Bibliotheken und Werkzeugen, f\u00fcr die Entwicklung verteilter gemeinwohlorientierter KI-L\u00f6sungen und des diese umgebenden \u00d6kosystems im Fokus der hier beworbenen Stellen.<\/p>\n<p><strong>Aufgabenbeschreibung:<\/strong><\/p>\n<ul>\n<li>Mitarbeit in einem praxisorientierten Forschungsprojekt zur Unterst\u00fctzung gemeinwohlorientierter KI-Anwendungen<\/li>\n<li>Konzeption, Implementierung und Integration einer skalierbaren und verteilten Plattform (inkl. Bibliotheken, Laufzeitumgebungen, Benutzerschnittstellen, Editoren, Werkzeuge, Verzeichnisdienste) f\u00fcr die Entwicklung und Ausf\u00fchrung gemeinwohlorientierter KI L\u00f6sungen<\/li>\n<li>Betreuung von M.Sc. &amp; B.Sc. Abschlussarbeiten an der TU Berlin<\/li>\n<li>Gestaltung und Durchf\u00fchrung von Nutzerstudien, Interviews, Workshops und Vortr\u00e4gen im Rahmen der Forschung und Evaluation der entwickelten Methoden<\/li>\n<\/ul>\n<p><strong>\u00a0<\/strong><\/p>\n<p><strong>Erwartete Qualifikation:<\/strong><\/p>\n<ul>\n<li>Erfolgreich abgeschlossenes wissenschaftliches Hochschulstudium (Master, Diplom oder \u00e4quivalent) der Informatik, Elektrotechnik oder vergleichbarer Fachrichtung<\/li>\n<li>Gute Abstraktionsf\u00e4higkeit, Modellieren und Finden kreativer L\u00f6sungen<\/li>\n<li>Erfahrung in Software-Engineering mit agilen Teams und Entwicklungsmethoden, Versionskontrolle, Issue-Management, Software-Testing, etc.<\/li>\n<li>Kenntnisse in einem oder mehreren der folgenden Bereiche\n<ul>\n<li>Modellierung und visuelle Programmiersprachen, UI Entwicklung<\/li>\n<li>Entwurf und Implementierung gro\u00dfer und verteilter Systeme, API-Design<\/li>\n<li>Multi-Agenten Systeme, Interaktionsprotokolle, Verhandlungen<\/li>\n<li>Container-Technologien, Virtualisierung, Cloud-Computing<\/li>\n<li>K\u00fcnstliche Intelligenz und Machine Learning<\/li>\n<\/ul>\n<\/li>\n<li>Sehr gute Programmierkenntnisse, insbesondere in Java und ggf. weiteren Programmiersprachen<\/li>\n<li>Gute Deutsch- und Englischkenntnisse<\/li>\n<\/ul>\n<p>&nbsp;<\/p>\n<p><strong>Was wir bieten:<\/strong><\/p>\n<ul>\n<li>Eine spannende und verantwortungsvolle T\u00e4tigkeit in einem zukunftsorientierten Forschungsprojekt mit Zugang zu einem attraktiven Forschungsumfeld<\/li>\n<li>Ein kollegiales und motivierendes Arbeitsumfeld in einem engagierten Team<\/li>\n<li>Flexible Arbeitszeiten und die M\u00f6glichkeit zur teilweisen Arbeit im Homeoffice<\/li>\n<li>Individuelle Weiterbildungs- und Entwicklungsm\u00f6glichkeiten<\/li>\n<li>M\u00f6glichkeit zur Promotion<\/li>\n<\/ul>\n <\/div>[\/toggle][\/toggles][\/vc_column_inner][\/vc_row_inner][\/vc_column][\/vc_row][vc_row type=&#8221;full_width_content&#8221; full_screen_row_position=&#8221;middle&#8221; column_margin=&#8221;default&#8221; column_direction=&#8221;default&#8221; column_direction_tablet=&#8221;default&#8221; column_direction_phone=&#8221;default&#8221; scene_position=&#8221;center&#8221; text_color=&#8221;dark&#8221; text_align=&#8221;left&#8221; row_border_radius=&#8221;none&#8221; row_border_radius_applies=&#8221;bg&#8221; overflow=&#8221;hidden&#8221; advanced_gradient_angle=&#8221;0&#8243; overlay_strength=&#8221;0.3&#8243; gradient_direction=&#8221;left_to_right&#8221; shape_divider_position=&#8221;bottom&#8221; bg_image_animation=&#8221;none&#8221; gradient_type=&#8221;default&#8221; shape_type=&#8221;&#8221;][vc_column column_padding=&#8221;no-extra-padding&#8221; column_padding_tablet=&#8221;inherit&#8221; column_padding_phone=&#8221;inherit&#8221; column_padding_position=&#8221;all&#8221; column_element_direction_desktop=&#8221;default&#8221; column_element_spacing=&#8221;default&#8221; desktop_text_alignment=&#8221;default&#8221; tablet_text_alignment=&#8221;default&#8221; phone_text_alignment=&#8221;default&#8221; background_color_opacity=&#8221;1&#8243; background_hover_color_opacity=&#8221;1&#8243; column_backdrop_filter=&#8221;none&#8221; column_shadow=&#8221;none&#8221; column_border_radius=&#8221;none&#8221; column_link_target=&#8221;_self&#8221; column_position=&#8221;default&#8221; gradient_direction=&#8221;left_to_right&#8221; overlay_strength=&#8221;0.3&#8243; width=&#8221;1\/1&#8243; tablet_width_inherit=&#8221;default&#8221; animation_type=&#8221;default&#8221; bg_image_animation=&#8221;none&#8221; border_type=&#8221;simple&#8221; column_border_width=&#8221;none&#8221; column_border_style=&#8221;solid&#8221;][\/vc_column][\/vc_row]\n","protected":false},"excerpt":{"rendered":"<p>[vc_row type=&#8221;full_width_content&#8221; full_screen_row_position=&#8221;middle&#8221; column_margin=&#8221;default&#8221; equal_height=&#8221;yes&#8221; content_placement=&#8221;middle&#8221; column_direction=&#8221;default&#8221; column_direction_tablet=&#8221;default&#8221; column_direction_phone=&#8221;default&#8221; scene_position=&#8221;center&#8221; top_padding=&#8221;12%&#8221; bottom_padding=&#8221;12%&#8221; left_padding_desktop=&#8221;25%&#8221; constrain_group_2=&#8221;yes&#8221; right_padding_desktop=&#8221;25%&#8221; left_padding_tablet=&#8221;20%&#8221; constrain_group_4=&#8221;yes&#8221; right_padding_tablet=&#8221;20%&#8221; left_padding_phone=&#8221;24px&#8221; constrain_group_6=&#8221;yes&#8221; right_padding_phone=&#8221;24px&#8221; text_color=&#8221;dark&#8221; text_align=&#8221;left&#8221; row_border_radius=&#8221;none&#8221; row_border_radius_applies=&#8221;bg&#8221; zindex=&#8221;10&#8243; overflow=&#8221;visible&#8221; advanced_gradient_angle=&#8221;0&#8243; overlay_strength=&#8221;0.8&#8243; gradient_direction=&#8221;left_to_right&#8221;&#8230;<\/p>\n","protected":false},"author":2,"featured_media":0,"parent":0,"menu_order":9,"comment_status":"closed","ping_status":"closed","template":"","meta":{"inline_featured_image":false,"footnotes":""},"class_list":["post-554","page","type-page","status-publish"],"_links":{"self":[{"href":"https:\/\/gt-arc.com\/index.php\/wp-json\/wp\/v2\/pages\/554","targetHints":{"allow":["GET"]}}],"collection":[{"href":"https:\/\/gt-arc.com\/index.php\/wp-json\/wp\/v2\/pages"}],"about":[{"href":"https:\/\/gt-arc.com\/index.php\/wp-json\/wp\/v2\/types\/page"}],"author":[{"embeddable":true,"href":"https:\/\/gt-arc.com\/index.php\/wp-json\/wp\/v2\/users\/2"}],"replies":[{"embeddable":true,"href":"https:\/\/gt-arc.com\/index.php\/wp-json\/wp\/v2\/comments?post=554"}],"version-history":[{"count":61,"href":"https:\/\/gt-arc.com\/index.php\/wp-json\/wp\/v2\/pages\/554\/revisions"}],"predecessor-version":[{"id":2570,"href":"https:\/\/gt-arc.com\/index.php\/wp-json\/wp\/v2\/pages\/554\/revisions\/2570"}],"wp:attachment":[{"href":"https:\/\/gt-arc.com\/index.php\/wp-json\/wp\/v2\/media?parent=554"}],"curies":[{"name":"wp","href":"https:\/\/api.w.org\/{rel}","templated":true}]}}